{"id":258,"date":"2018-01-22T10:17:40","date_gmt":"2018-01-22T14:17:40","guid":{"rendered":"http:\/\/ayuntamiento.o\/transparencia\/?page_id=258"},"modified":"2021-07-15T09:51:42","modified_gmt":"2021-07-15T13:51:42","slug":"responsable-de-acceso-a-la-informacion","status":"publish","type":"page","link":"https:\/\/ayuntamientopartido.gob.do\/transparencia\/responsable-de-acceso-a-la-informacion\/","title":{"rendered":"Responsable de Acceso a la Informaci\u00f3n"},"content":{"rendered":"<blockquote><p><strong>Responsable de Acceso a la Informaci\u00f3n<\/strong><\/p><\/blockquote>\n<p><span style=\"color: #0000ff\"><strong>Isamar del Socorro Caraballo Genao<\/strong><\/span><br \/>\n<strong>Direcci\u00f3n:<\/strong> C\/ Duarte # 13, Municipio de Partido, Dajab\u00f3n, Rep\u00fablica Dominicana<br \/>\n<strong>Tel\u00e9fono:<\/strong> (809) 226-4114 EXT. 201<br \/>\n<strong>E-mail.<\/strong>\u00a0mailadmin@ayuntamientopartido.gob.do | ayuntamientopartido1@hotmail.com \/ isamarcaraballo2510@gmail.com<\/p>\n<p>&nbsp;<\/p>\n","protected":false},"excerpt":{"rendered":"Responsable de Acceso a la Informaci\u00f3n Isamar del Socorro Caraballo Genao Direcci\u00f3n: C\/ Duarte # 13, Municipio de Partido, Dajab\u00f3n, Rep\u00fablica Dominicana Tel\u00e9fono: (809) 226-4114 EXT. 201 E-mail.\u00a0mailadmin@ayuntamientopartido.gob.do | ayuntamientopartido1@hotmail.com \/ isamarcaraballo2510@gmail.com &nbsp;","protected":false},"author":4,"featured_media":0,"parent":0,"menu_order":0,"comment_status":"closed","ping_status":"closed","template":"","meta":[],"acf":[],"_links":{"self":[{"href":"https:\/\/ayuntamientopartido.gob.do\/transparencia\/wp-json\/wp\/v2\/pages\/258"}],"collection":[{"href":"https:\/\/ayuntamientopartido.gob.do\/transparencia\/wp-json\/wp\/v2\/pages"}],"about":[{"href":"https:\/\/ayuntamientopartido.gob.do\/transparencia\/wp-json\/wp\/v2\/types\/page"}],"author":[{"embeddable":true,"href":"https:\/\/ayuntamientopartido.gob.do\/transparencia\/wp-json\/wp\/v2\/users\/4"}],"replies":[{"embeddable":true,"href":"https:\/\/ayuntamientopartido.gob.do\/transparencia\/wp-json\/wp\/v2\/comments?post=258"}],"version-history":[{"count":10,"href":"https:\/\/ayuntamientopartido.gob.do\/transparencia\/wp-json\/wp\/v2\/pages\/258\/revisions"}],"predecessor-version":[{"id":1143,"href":"https:\/\/ayuntamientopartido.gob.do\/transparencia\/wp-json\/wp\/v2\/pages\/258\/revisions\/1143"}],"wp:attachment":[{"href":"https:\/\/ayuntamientopartido.gob.do\/transparencia\/wp-json\/wp\/v2\/media?parent=258"}],"curies":[{"name":"wp","href":"https:\/\/api.w.org\/{rel}","templated":true}]}}